{"id":3467,"date":"2019-09-09T19:17:51","date_gmt":"2019-09-09T17:17:51","guid":{"rendered":"https:\/\/www.arts-martiaux-morsbronn.fr\/wp\/?page_id=3467"},"modified":"2023-05-20T21:46:01","modified_gmt":"2023-05-20T19:46:01","slug":"partenaires","status":"publish","type":"page","link":"https:\/\/www.arts-martiaux-morsbronn.fr\/wp\/partenaires\/","title":{"rendered":"F\u00e9d\u00e9ration et sponsors"},"content":{"rendered":"<h2 class=\"h3 mt-4\">F\u00e9d\u00e9rations<\/h2>\n<p>L&rsquo;association des Arts Martiaux de Morsbronn\u00a0 est affili\u00e9e \u00e0:<\/p>\n<div class=\"row\">\n<div class=\"col-md-4 text-center\"><img loading=\"lazy\" decoding=\"async\" class=\"mx-5 mt-2 aligncenter wp-image-3490\" src=\"https:\/\/www.arts-martiaux-morsbronn.fr\/wp\/wp-content\/uploads\/2019\/09\/Logo_Goshinkai.png\" alt=\"\" width=\"150\" height=\"127\" \/><br \/>\n<em>F\u00e9d\u00e9ration des Arts Corporels et Educatifs (FACE)<\/em><\/div>\n<div class=\"col-md-4 text-center\"><a href=\"https:\/\/www.sportspourtous.org\/\"><img loading=\"lazy\" decoding=\"async\" class=\"aligncenter wp-image-3491\" title=\"mx-5 mt-2\" src=\"https:\/\/www.arts-martiaux-morsbronn.fr\/wp\/wp-content\/uploads\/2019\/09\/Logo_FFSPT.png\" alt=\"\" width=\"269\" height=\"150\" \/><\/a><\/div>\n<\/div>\n<p>&nbsp;<\/p>\n<h2 class=\"h3 mt-4\">Sponsors<\/h2>\n<p>Par ailleurs, l&rsquo;association existe et fonctionne gr\u00e2ce au soutien de:<\/p>\n<div class=\"row\">\n<div class=\"col-md-4 text-center\"><a href=\"http:\/\/www.fuji-strasbourg.com\/\"><img loading=\"lazy\" decoding=\"async\" class=\"mx-5 mt-2 alignleft wp-image-3468\" src=\"https:\/\/www.arts-martiaux-morsbronn.fr\/wp\/wp-content\/uploads\/2019\/09\/Logo_FujiSport-300x167.png\" alt=\"\" width=\"120\" height=\"67\" srcset=\"https:\/\/www.arts-martiaux-morsbronn.fr\/wp\/wp-content\/uploads\/2019\/09\/Logo_FujiSport-300x167.png 300w, https:\/\/www.arts-martiaux-morsbronn.fr\/wp\/wp-content\/uploads\/2019\/09\/Logo_FujiSport.png 389w\" sizes=\"auto, (max-width: 120px) 100vw, 120px\" \/><\/a><br \/>\n<a class=\"text-dark pt-3\" href=\"http:\/\/www.fuji-strasbourg.com\/\"><em>Fuji Sport Strasbourg<\/em><\/a><\/div>\n<div class=\"col-md-4 text-center\"><\/div>\n<\/div>\n","protected":false},"excerpt":{"rendered":"<p>F\u00e9d\u00e9rations L&rsquo;association des Arts Martiaux de Morsbronn\u00a0 est affili\u00e9e \u00e0: F\u00e9d\u00e9ration des Arts Corporels et Educatifs (FACE) &nbsp; Sponsors Par ailleurs, l&rsquo;association existe et fonctionne gr\u00e2ce au soutien de: Fuji Sport Strasbourg<\/p>\n","protected":false},"author":1,"featured_media":0,"parent":0,"menu_order":0,"comment_status":"closed","ping_status":"closed","template":"","meta":{"footnotes":"","_links_to":"","_links_to_target":"","_wp_rev_ctl_limit":""},"class_list":["post-3467","page","type-page","status-publish","hentry"],"_links":{"self":[{"href":"https:\/\/www.arts-martiaux-morsbronn.fr\/wp\/wp-json\/wp\/v2\/pages\/3467","targetHints":{"allow":["GET"]}}],"collection":[{"href":"https:\/\/www.arts-martiaux-morsbronn.fr\/wp\/wp-json\/wp\/v2\/pages"}],"about":[{"href":"https:\/\/www.arts-martiaux-morsbronn.fr\/wp\/wp-json\/wp\/v2\/types\/page"}],"author":[{"embeddable":true,"href":"https:\/\/www.arts-martiaux-morsbronn.fr\/wp\/wp-json\/wp\/v2\/users\/1"}],"replies":[{"embeddable":true,"href":"https:\/\/www.arts-martiaux-morsbronn.fr\/wp\/wp-json\/wp\/v2\/comments?post=3467"}],"version-history":[{"count":2,"href":"https:\/\/www.arts-martiaux-morsbronn.fr\/wp\/wp-json\/wp\/v2\/pages\/3467\/revisions"}],"predecessor-version":[{"id":3726,"href":"https:\/\/www.arts-martiaux-morsbronn.fr\/wp\/wp-json\/wp\/v2\/pages\/3467\/revisions\/3726"}],"wp:attachment":[{"href":"https:\/\/www.arts-martiaux-morsbronn.fr\/wp\/wp-json\/wp\/v2\/media?parent=3467"}],"curies":[{"name":"wp","href":"https:\/\/api.w.org\/{rel}","templated":true}]}}